{"id":1064,"date":"2026-02-18T07:38:25","date_gmt":"2026-02-18T10:38:25","guid":{"rendered":"https:\/\/ipsicco.com.ar\/?page_id=1064"},"modified":"2026-02-18T08:09:37","modified_gmt":"2026-02-18T11:09:37","slug":"novedades-del-blog","status":"publish","type":"page","link":"https:\/\/ipsicco.com.ar\/index.php\/novedades-del-blog\/","title":{"rendered":"Novedades"},"content":{"rendered":"<p>[et_pb_section fb_built=\u00bb1&#8243; _builder_version=\u00bb4.9.0&#8243; _module_preset=\u00bbdefault\u00bb][et_pb_row _builder_version=\u00bb4.9.0&#8243; _module_preset=\u00bbdefault\u00bb background_color=\u00bbRGBA(0,0,0,0)\u00bb custom_margin=\u00bb-54px|auto||auto||\u00bb custom_padding=\u00bb47px|||||\u00bb][et_pb_column type=\u00bb4_4&#8243; _builder_version=\u00bb4.9.0&#8243; _module_preset=\u00bbdefault\u00bb][et_pb_post_title text_color=\u00bblight\u00bb _builder_version=\u00bb4.9.0&#8243; _module_preset=\u00bbdefault\u00bb background_color=\u00bb#8cb364&#8243; hover_enabled=\u00bb0&#8243; text_shadow_style=\u00bbpreset1&#8243; text_orientation=\u00bbcenter\u00bb sticky_enabled=\u00bb0&#8243; meta=\u00bboff\u00bb title_font=\u00bb||||||||\u00bb title_font_size=\u00bb35px\u00bb custom_margin=\u00bb-26px|||||\u00bb][\/et_pb_post_title][et_pb_text _builder_version=\u00bb4.9.0&#8243; _module_preset=\u00bbdefault\u00bb hover_enabled=\u00bb0&#8243; sticky_enabled=\u00bb0&#8243; text_font=\u00bb|300|||||||\u00bb text_text_shadow_style=\u00bbnone\u00bb]En este blog encontrar\u00e1s informaci\u00f3n, reflexiones y herramientas cient\u00edficas y humanas que van a acompa\u00f1arte y sostenerte en el vivir con el dolor cr\u00f3nico y el deseo de maternar.<br \/>\nEstoy cerca, Maria Jos\u00e9 Lami Hern\u00e1ndez[\/et_pb_text][et_pb_blog excerpt_length=\u00bb400&#8243; _builder_version=\u00bb4.9.0&#8243; _module_preset=\u00bbdefault\u00bb][\/et_pb_blog][\/et_pb_column][\/et_pb_row][et_pb_row _builder_version=\u00bb4.9.0&#8243; _module_preset=\u00bbdefault\u00bb][et_pb_column type=\u00bb4_4&#8243; _builder_version=\u00bb4.9.0&#8243; _module_preset=\u00bbdefault\u00bb][\/et_pb_column][\/et_pb_row][\/et_pb_section]<\/p>\n","protected":false},"excerpt":{"rendered":"<p>[et_pb_section fb_built=\u00bb1&#8243; _builder_version=\u00bb4.9.0&#8243; _module_preset=\u00bbdefault\u00bb][et_pb_row _builder_version=\u00bb4.9.0&#8243; _module_preset=\u00bbdefault\u00bb background_color=\u00bbRGBA(0,0,0,0)\u00bb custom_margin=\u00bb-54px|auto||auto||\u00bb custom_padding=\u00bb47px|||||\u00bb][et_pb_column type=\u00bb4_4&#8243; _builder_version=\u00bb4.9.0&#8243; _module_preset=\u00bbdefault\u00bb][et_pb_post_title text_color=\u00bblight\u00bb _builder_version=\u00bb4.9.0&#8243; _module_preset=\u00bbdefault\u00bb background_color=\u00bb#8cb364&#8243; hover_enabled=\u00bb0&#8243; text_shadow_style=\u00bbpreset1&#8243; text_orientation=\u00bbcenter\u00bb sticky_enabled=\u00bb0&#8243; meta=\u00bboff\u00bb title_font=\u00bb||||||||\u00bb title_font_size=\u00bb35px\u00bb custom_margin=\u00bb-26px|||||\u00bb][\/et_pb_post_title][et_pb_text _builder_version=\u00bb4.9.0&#8243; _module_preset=\u00bbdefault\u00bb hover_enabled=\u00bb0&#8243; sticky_enabled=\u00bb0&#8243; text_font=\u00bb|300|||||||\u00bb text_text_shadow_style=\u00bbnone\u00bb]En este blog encontrar\u00e1s informaci\u00f3n, reflexiones y herramientas cient\u00edficas y humanas que van a acompa\u00f1arte y sostenerte en el vivir con el dolor cr\u00f3nico y el [&hellip;]<\/p>\n","protected":false},"author":1,"featured_media":0,"parent":0,"menu_order":0,"comment_status":"closed","ping_status":"closed","template":"","meta":{"_et_pb_use_builder":"on","_et_pb_old_content":"","_et_gb_content_width":"","om_disable_all_campaigns":false,"inline_featured_image":false,"jetpack_post_was_ever_published":false,"_joinchat":[],"footnotes":""},"class_list":["post-1064","page","type-page","status-publish","hentry"],"jetpack_sharing_enabled":true,"jetpack_shortlink":"https:\/\/wp.me\/Pc5djS-ha","_links":{"self":[{"href":"https:\/\/ipsicco.com.ar\/index.php\/wp-json\/wp\/v2\/pages\/1064","targetHints":{"allow":["GET"]}}],"collection":[{"href":"https:\/\/ipsicco.com.ar\/index.php\/wp-json\/wp\/v2\/pages"}],"about":[{"href":"https:\/\/ipsicco.com.ar\/index.php\/wp-json\/wp\/v2\/types\/page"}],"author":[{"embeddable":true,"href":"https:\/\/ipsicco.com.ar\/index.php\/wp-json\/wp\/v2\/users\/1"}],"replies":[{"embeddable":true,"href":"https:\/\/ipsicco.com.ar\/index.php\/wp-json\/wp\/v2\/comments?post=1064"}],"version-history":[{"count":6,"href":"https:\/\/ipsicco.com.ar\/index.php\/wp-json\/wp\/v2\/pages\/1064\/revisions"}],"predecessor-version":[{"id":1073,"href":"https:\/\/ipsicco.com.ar\/index.php\/wp-json\/wp\/v2\/pages\/1064\/revisions\/1073"}],"wp:attachment":[{"href":"https:\/\/ipsicco.com.ar\/index.php\/wp-json\/wp\/v2\/media?parent=1064"}],"curies":[{"name":"wp","href":"https:\/\/api.w.org\/{rel}","templated":true}]}}