{"id":264,"date":"2022-11-10T12:16:56","date_gmt":"2022-11-10T15:16:56","guid":{"rendered":"https:\/\/ipsicco.com.ar\/?page_id=264"},"modified":"2024-09-04T14:25:50","modified_gmt":"2024-09-04T17:25:50","slug":"psicoterapia","status":"publish","type":"page","link":"https:\/\/ipsicco.com.ar\/index.php\/psicoterapia\/","title":{"rendered":"Psicoterapia"},"content":{"rendered":"<p>[et_pb_section fb_built=\u00bb1&#8243; _builder_version=\u00bb4.9.0&#8243; _module_preset=\u00bbdefault\u00bb background_image=\u00bbhttps:\/\/ipsicco.com.ar\/wp-content\/uploads\/2022\/11\/header_preocupacion.jpg\u00bb min_height=\u00bb532px\u00bb custom_padding=\u00bb||90px|||\u00bb background_last_edited=\u00bbon|phone\u00bb background_position_phone=\u00bbcenter\u00bb][et_pb_row column_structure=\u00bb1_4,1_4,1_4,1_4&#8243; _builder_version=\u00bb4.9.0&#8243; _module_preset=\u00bbdefault\u00bb width=\u00bb60.4%\u00bb custom_margin=\u00bb-31px|auto|-37px|auto||\u00bb custom_padding=\u00bb11px|||||\u00bb][et_pb_column type=\u00bb1_4&#8243; _builder_version=\u00bb4.9.0&#8243; _module_preset=\u00bbdefault\u00bb][et_pb_text _builder_version=\u00bb4.9.0&#8243; _module_preset=\u00bbdefault\u00bb background_enable_image=\u00bboff\u00bb width=\u00bb385.5%\u00bb min_height=\u00bb192px\u00bb custom_margin=\u00bb19px|-212px|24px|-104px||\u00bb custom_padding=\u00bb0px|2px|53px|1px||\u00bb]<\/p>\n<h3 style=\"text-align: center;\"><span style=\"color: #ffffff;\">Si sientes que te encuentras enredada en la ansiedad, siempre con pensamientos negativos y preocupaciones que no te permiten avanzar.<\/span><\/h3>\n<h3 style=\"text-align: center;\"><span style=\"color: #ffffff;\"> Esos pensamientos y el malestar est\u00e1 <strong>comenzando a te\u00f1ir tu vida<\/strong> y lo ves todo negro.<\/span><\/h3>\n<h3 style=\"text-align: center;\"><span style=\"color: #ffffff;\"> Ves c\u00f3mo te ahogas en un vaso de agua o hay situaciones que no puedes resolver sola y te pesan cada vez m\u00e1s.<\/span><br \/>\n<span style=\"color: #ffffff;\"> Sientes que la vida te pasa y que<strong> no est\u00e1s disfrutando ni viviendo<\/strong> todo tu potencial.<\/span><\/h3>\n<p>[\/et_pb_text][\/et_pb_column][et_pb_column type=\u00bb1_4&#8243; _builder_version=\u00bb4.9.0&#8243; _module_preset=\u00bbdefault\u00bb][\/et_pb_column][et_pb_column type=\u00bb1_4&#8243; _builder_version=\u00bb4.9.0&#8243; _module_preset=\u00bbdefault\u00bb][\/et_pb_column][et_pb_column type=\u00bb1_4&#8243; _builder_version=\u00bb4.9.0&#8243; _module_preset=\u00bbdefault\u00bb][\/et_pb_column][\/et_pb_row][\/et_pb_section][et_pb_section fb_built=\u00bb1&#8243; _builder_version=\u00bb4.9.0&#8243; _module_preset=\u00bbdefault\u00bb custom_margin=\u00bb-204px|||||\u00bb custom_padding=\u00bb||31px|||\u00bb][et_pb_row _builder_version=\u00bb4.9.0&#8243; _module_preset=\u00bbdefault\u00bb custom_margin=\u00bb-22px|auto|-14px|auto||\u00bb custom_padding=\u00bb0px||1px|||\u00bb][et_pb_column type=\u00bb4_4&#8243; _builder_version=\u00bb4.9.0&#8243; _module_preset=\u00bbdefault\u00bb][et_pb_text _builder_version=\u00bb4.9.0&#8243; _module_preset=\u00bbdefault\u00bb custom_margin=\u00bb-33px||-8px|||\u00bb custom_padding=\u00bb0px||0px|||\u00bb hover_enabled=\u00bb0&#8243; sticky_enabled=\u00bb0&#8243; text_text_shadow_style=\u00bbnone\u00bb text_font=\u00bb|600|||||||\u00bb]<\/p>\n<p>&nbsp;<\/p>\n<p style=\"text-align: center;\"><span style=\"font-size: x-large;\"><strong>Podemos ayudarte.<\/strong> <\/span><\/p>\n<p style=\"text-align: center;\"><span style=\"font-size: x-large;\">Completa el siguiente formulario para conocer mejor tu situaci\u00f3n y encontrar al profesional adecuado.<\/span><\/p>\n<p>&nbsp;<\/p>\n<p>[\/et_pb_text][et_pb_button button_url=\u00bbhttps:\/\/docs.google.com\/forms\/d\/e\/1FAIpQLScuIySYJt8ns9QqxPw7r5L9dV5SLnSYuV8UQ9gx3hDRT3NVbg\/viewform?usp=share_link\u00bb url_new_window=\u00bbon\u00bb button_text=\u00bbSolicita un turno completando el formulario aqui\u00bb button_alignment=\u00bbcenter\u00bb _builder_version=\u00bb4.9.0&#8243; _module_preset=\u00bbdefault\u00bb custom_button=\u00bbon\u00bb button_text_size=\u00bb20px\u00bb button_text_color=\u00bb#FFFFFF\u00bb button_bg_color=\u00bb#8cb364&#8243; button_border_width=\u00bb0px\u00bb button_border_radius=\u00bb0px\u00bb button_font=\u00bb|||on|||||\u00bb][\/et_pb_button][et_pb_text _builder_version=\u00bb4.9.0&#8243; _module_preset=\u00bbdefault\u00bb custom_margin=\u00bb-33px||-8px|||\u00bb custom_padding=\u00bb0px||0px|||\u00bb hover_enabled=\u00bb0&#8243; text_font=\u00bb|700|||||||\u00bb text_text_shadow_style=\u00bbnone\u00bb sticky_enabled=\u00bb0&#8243;]<\/p>\n<p style=\"text-align: center;\">\n<p style=\"text-align: center;\"><span style=\"font-size: large;\">Nos comunicaremos con vos para ofrecerte un turno para una <\/span><strong style=\"font-size: large;\">primera entrevista. <\/strong><span style=\"font-size: large;\">Una profesional del equipo evaluar\u00e1 tu\u00a0<span size=\"4\"><span size=\"4\">situaci\u00f3n, y\u00a0as\u00ed podr\u00e1s comenzar tu proceso de psicoterapia<\/span><\/span><\/span><\/p>\n<p>&nbsp;<\/p>\n<p>&nbsp;<\/p>\n<p>&nbsp;<\/p>\n<p>&nbsp;<\/p>\n<p>&nbsp;<\/p>\n<p>&nbsp;<\/p>\n<p>&nbsp;<\/p>\n<p>[\/et_pb_text][\/et_pb_column][\/et_pb_row][\/et_pb_section][et_pb_section fb_built=\u00bb1&#8243; _builder_version=\u00bb4.9.0&#8243; _module_preset=\u00bbdefault\u00bb background_color=\u00bb#f9f3e1&#8243; min_height=\u00bb234px\u00bb custom_margin=\u00bb-255px|||||\u00bb custom_padding=\u00bb22px||23px|||\u00bb][et_pb_row _builder_version=\u00bb4.9.0&#8243; _module_preset=\u00bbdefault\u00bb width_tablet=\u00bb\u00bb width_phone=\u00bb80%\u00bb width_last_edited=\u00bbon|desktop\u00bb min_height=\u00bb238px\u00bb custom_margin=\u00bb-21px|auto||auto||\u00bb custom_padding=\u00bb9px||0px|||\u00bb][et_pb_column type=\u00bb4_4&#8243; _builder_version=\u00bb4.9.0&#8243; _module_preset=\u00bbdefault\u00bb][et_pb_text _builder_version=\u00bb4.9.0&#8243; _module_preset=\u00bbdefault\u00bb min_height=\u00bb209px\u00bb hover_enabled=\u00bb0&#8243; text_text_shadow_style=\u00bbnone\u00bb sticky_enabled=\u00bb0&#8243;]<\/p>\n<h4 style=\"text-align: center; line-height: 1.5;\"><a href=\"https:\/\/ipsicco.com.ar\/wp-content\/uploads\/2022\/11\/icon_love.svg\"><img loading=\"lazy\" decoding=\"async\" src=\"https:\/\/ipsicco.com.ar\/wp-content\/uploads\/2022\/11\/icon_love.svg\" width=\"78\" height=\"78\" alt=\"\" class=\"wp-image-269 alignnone size-medium\"><\/a><\/h4>\n<h4 style=\"text-align: center; line-height: 1.5;\">A trav\u00e9s de la terapia basada en la evidencia, te podemos ayudar a que puedas superar las dificultades, transformando la forma de relacionarte con estas barreras y cambiando de ra\u00edz tu forma de vivir.<\/h4>\n<h4 style=\"text-align: center;\"><\/h4>\n<h4 style=\"text-align: center; line-height: 1.5;\">A trav\u00e9s de terapias de tercera generaci\u00f3n (Terapia de Aceptaci\u00f3n y Compromiso y Mindfulness) vas a lograr tener <strong>una vida m\u00e1s plena<\/strong>.<\/h4>\n<p>[\/et_pb_text][\/et_pb_column][\/et_pb_row][\/et_pb_section][et_pb_section fb_built=\u00bb1&#8243; _builder_version=\u00bb4.9.0&#8243; _module_preset=\u00bbdefault\u00bb custom_margin=\u00bb-2px|||||\u00bb custom_padding=\u00bb36px||34px|||\u00bb][et_pb_row _builder_version=\u00bb4.9.0&#8243; _module_preset=\u00bbdefault\u00bb custom_margin=\u00bb-38px|auto||auto||\u00bb][et_pb_column type=\u00bb4_4&#8243; _builder_version=\u00bb4.9.0&#8243; _module_preset=\u00bbdefault\u00bb][et_pb_text _builder_version=\u00bb4.9.0&#8243; _module_preset=\u00bbdefault\u00bb custom_margin=\u00bb||2px|||\u00bb hover_enabled=\u00bb0&#8243; text_text_shadow_style=\u00bbnone\u00bb sticky_enabled=\u00bb0&#8243;]<\/p>\n<h4 style=\"text-align: center; line-height: 1.4;\"><strong>EL PROGRAMA DE INICIAL DE TERAPIA<\/strong><br \/>\nes una propuesta breve y espec\u00edfica que posee como objetivo entrenar en la flexibilidad psicol\u00f3gica en un tiempo delimitado en el que podr\u00e1s experimentar cambios concretos.<\/p>\n<p>Lo llevaremos a cabo a trav\u00e9s de:<\/h4>\n<p>[\/et_pb_text][et_pb_text _builder_version=\u00bb4.9.0&#8243; _module_preset=\u00bbdefault\u00bb hover_enabled=\u00bb0&#8243; sticky_enabled=\u00bb0&#8243; text_text_shadow_style=\u00bbnone\u00bb]<\/p>\n<h4 style=\"text-align: center;\"><span style=\"color: #8cb364;\"><img loading=\"lazy\" decoding=\"async\" src=\"https:\/\/ipsicco.com.ar\/wp-content\/uploads\/2022\/07\/tick_black.svg\" width=\"13\" height=\"11\" alt=\"\" class=\"wp-image-90 alignnone size-medium\" \/>\u00a0Sesiones de \u00a0psicoterapia individual (online o presencial)<\/span><\/h4>\n<h4 style=\"text-align: center;\"><span style=\"color: #8cb364;\"><img loading=\"lazy\" decoding=\"async\" src=\"https:\/\/ipsicco.com.ar\/wp-content\/uploads\/2022\/07\/tick_black.svg\" width=\"13\" height=\"11\" alt=\"\" class=\"wp-image-90 alignnone size-medium\" \/>\u00a0Mails semanales con resumen y ejercicios para la pr\u00e1ctica de lo que llevamos a cabo en sesi\u00f3n<\/span><\/h4>\n<h4 style=\"text-align: center;\"><span style=\"color: #8cb364;\"><img loading=\"lazy\" decoding=\"async\" src=\"https:\/\/ipsicco.com.ar\/wp-content\/uploads\/2022\/07\/tick_black.svg\" width=\"13\" height=\"11\" alt=\"\" class=\"wp-image-90 alignnone size-medium\" \/>\u00a0Audio gu\u00eda para practicar<\/span><\/h4>\n<h4 style=\"text-align: center;\"><span style=\"color: #8cb364;\"><img loading=\"lazy\" decoding=\"async\" src=\"https:\/\/ipsicco.com.ar\/wp-content\/uploads\/2022\/07\/tick_black.svg\" width=\"13\" height=\"11\" alt=\"\" class=\"wp-image-90 alignnone size-medium\" \/>\u00a0Evaluaci\u00f3n del antes de comenzar y una vez finalizado para que puedas ver los cambios<\/span><\/h4>\n<p>[\/et_pb_text][\/et_pb_column][\/et_pb_row][\/et_pb_section][et_pb_section fb_built=\u00bb1&#8243; _builder_version=\u00bb4.9.0&#8243; _module_preset=\u00bbdefault\u00bb background_color=\u00bb#f9f3e1&#8243; custom_padding=\u00bb30px||31px|||\u00bb][et_pb_row column_structure=\u00bb1_2,1_2&#8243; _builder_version=\u00bb4.9.0&#8243; _module_preset=\u00bbdefault\u00bb hover_enabled=\u00bb0&#8243; sticky_enabled=\u00bb0&#8243;][et_pb_column type=\u00bb1_2&#8243; _builder_version=\u00bb4.9.0&#8243; _module_preset=\u00bbdefault\u00bb][et_pb_text _builder_version=\u00bb4.9.0&#8243; _module_preset=\u00bbdefault\u00bb custom_margin=\u00bb||26px|||\u00bb hover_enabled=\u00bb0&#8243; text_text_shadow_style=\u00bbnone\u00bb sticky_enabled=\u00bb0&#8243;]<\/p>\n<h4 style=\"text-align: left;\"><span style=\"color: #333333; line-height: 1.5;\">Te ofrecemos una primera entrevista con la profesional del equipo que se adecue a tus necesidades. Para ello, te agradecemos que completes el siguiente formulario para conocer tu situaci\u00f3n y la profesional podr\u00e1 identificar cual programa terap\u00e9utico es el m\u00e1s indicado para vos. <\/span><\/h4>\n<h4 style=\"text-align: left;\"><span style=\"color: #333333; line-height: 1.5;\">Una vez que completes la pre-entrevista, nuestro asistente se pondr\u00e1 en contacto con vos en el menor tiempo posible.<\/span><\/h4>\n<p>[\/et_pb_text][et_pb_button button_url=\u00bbhttps:\/\/docs.google.com\/forms\/d\/e\/1FAIpQLScuIySYJt8ns9QqxPw7r5L9dV5SLnSYuV8UQ9gx3hDRT3NVbg\/viewform?usp=share_link\u00bb url_new_window=\u00bbon\u00bb button_text=\u00bbCompletar formulario\u00bb button_alignment=\u00bbleft\u00bb _builder_version=\u00bb4.9.0&#8243; _module_preset=\u00bbdefault\u00bb custom_button=\u00bbon\u00bb button_text_size=\u00bb20px\u00bb button_text_color=\u00bb#FFFFFF\u00bb button_bg_color=\u00bb#8cb364&#8243; button_border_width=\u00bb0px\u00bb button_border_radius=\u00bb0px\u00bb button_font=\u00bb|||on|||||\u00bb][\/et_pb_button][\/et_pb_column][et_pb_column type=\u00bb1_2&#8243; _builder_version=\u00bb4.9.0&#8243; _module_preset=\u00bbdefault\u00bb][et_pb_image src=\u00bbhttps:\/\/ipsicco.com.ar\/wp-content\/uploads\/2024\/05\/IPSICCO-19.jpg\u00bb title_text=\u00bbIPSICCO (19)\u00bb _builder_version=\u00bb4.9.0&#8243; _module_preset=\u00bbdefault\u00bb hover_enabled=\u00bb0&#8243; sticky_enabled=\u00bb0&#8243;][\/et_pb_image][\/et_pb_column][\/et_pb_row][\/et_pb_section][et_pb_section fb_built=\u00bb1&#8243; _builder_version=\u00bb4.9.0&#8243; _module_preset=\u00bbdefault\u00bb background_image=\u00bbhttps:\/\/ipsicco.com.ar\/wp-content\/uploads\/2022\/11\/bg_testimonios-1.jpg\u00bb custom_margin=\u00bb12px||||false|false\u00bb custom_padding=\u00bb38px||36px|||\u00bb][et_pb_row _builder_version=\u00bb4.9.0&#8243; _module_preset=\u00bbdefault\u00bb custom_margin=\u00bb|auto|-25px|auto||\u00bb][et_pb_column type=\u00bb4_4&#8243; _builder_version=\u00bb4.9.0&#8243; _module_preset=\u00bbdefault\u00bb][et_pb_text _builder_version=\u00bb4.9.0&#8243; _module_preset=\u00bbdefault\u00bb]<\/p>\n<h2 style=\"text-align: center;\"><span style=\"color: #ffffff;\">Las personas que han realizado psicoterapia con nosotros, dicen:<\/span><\/h2>\n<p>[\/et_pb_text][\/et_pb_column][\/et_pb_row][et_pb_row _builder_version=\u00bb4.9.0&#8243; _module_preset=\u00bbdefault\u00bb][et_pb_column type=\u00bb4_4&#8243; _builder_version=\u00bb4.9.0&#8243; _module_preset=\u00bbdefault\u00bb][et_pb_slider _builder_version=\u00bb4.9.0&#8243; _module_preset=\u00bbdefault\u00bb][et_pb_slide heading=\u00bbEl Programa Inicial de Terapia me ha ayudado a:\u00bb _builder_version=\u00bb4.9.0&#8243; _module_preset=\u00bbdefault\u00bb header_font_size=\u00bb28px\u00bb background_color=\u00bbrgba(0,0,0,0.49)\u00bb background_enable_color=\u00bbon\u00bb custom_padding=\u00bb50px||50px||false|false\u00bb sticky_transition=\u00bbon\u00bb]Reconocer situaciones que evito cotidianamente por pensamientos internos&nbsp;[\/et_pb_slide][et_pb_slide heading=\u00bbEl Programa Inicial de Terapia me ha ayudado a:\u00bb _builder_version=\u00bb4.9.0&#8243; _module_preset=\u00bbdefault\u00bb header_font_size=\u00bb28px\u00bb background_color=\u00bbrgba(0,0,0,0.49)\u00bb background_enable_color=\u00bbon\u00bb custom_padding=\u00bb50px||50px||false|false\u00bb sticky_transition=\u00bbon\u00bb]Adquirir nuevas herramientas para utilizar ante situaciones dif\u00edciles[\/et_pb_slide][et_pb_slide heading=\u00bbEl Programa Inicial de Terapia me ha ayudado a:\u00bb _builder_version=\u00bb4.9.0&#8243; _module_preset=\u00bbdefault\u00bb header_font_size=\u00bb28px\u00bb background_color=\u00bbrgba(0,0,0,0.49)\u00bb background_enable_color=\u00bbon\u00bb custom_padding=\u00bb50px||50px||false|false\u00bb sticky_transition=\u00bbon\u00bb]Conocerme m\u00e1s, tener mayor conciencia de mis pensamientos y a regular mis emociones.[\/et_pb_slide][et_pb_slide heading=\u00bbEl Programa Inicial de Terapia me ha ayudado a:\u00bb _builder_version=\u00bb4.9.0&#8243; _module_preset=\u00bbdefault\u00bb header_font_size=\u00bb28px\u00bb background_color=\u00bbrgba(0,0,0,0.49)\u00bb background_enable_color=\u00bbon\u00bb custom_padding=\u00bb50px||50px||false|false\u00bb sticky_transition=\u00bbon\u00bb]A valorar las cosas, a poder disfrutar de mi vida y ser consciente de lo que me rodea[\/et_pb_slide][et_pb_slide heading=\u00bbEl Programa Inicial de Terapia me ha ayudado a:\u00bb _builder_version=\u00bb4.9.0&#8243; _module_preset=\u00bbdefault\u00bb header_font_size=\u00bb28px\u00bb background_color=\u00bbrgba(0,0,0,0.49)\u00bb background_enable_color=\u00bbon\u00bb custom_padding=\u00bb50px||50px||false|false\u00bb sticky_transition=\u00bbon\u00bb]A ver esas cosas de otra manera, reconocer lo que me estaba pasando y a controlarlas un poco.[\/et_pb_slide][et_pb_slide heading=\u00bbEstoy m\u00e1s tranquila,\u00bb _builder_version=\u00bb4.9.0&#8243; _module_preset=\u00bbdefault\u00bb header_font_size=\u00bb28px\u00bb background_color=\u00bbrgba(0,0,0,0.49)\u00bb background_enable_color=\u00bbon\u00bb custom_padding=\u00bb50px||50px||false|false\u00bb sticky_transition=\u00bbon\u00bb]menos irritable, m\u00e1s pensante al momento de dar una respuesta e incluso estoy aprendiendo a utilizar al silencio como respuesta[\/et_pb_slide][et_pb_slide heading=\u00bbEl Programa Inicial de Terapia me ha ayudado a:\u00bb _builder_version=\u00bb4.9.0&#8243; _module_preset=\u00bbdefault\u00bb header_font_size=\u00bb28px\u00bb background_color=\u00bbrgba(0,0,0,0.49)\u00bb background_enable_color=\u00bbon\u00bb custom_padding=\u00bb50px||50px||false|false\u00bb sticky_transition=\u00bbon\u00bb]Cultivar una semilla para seguir conociendo un mundo nuevo para m\u00ed, que es el mundo real puntualmente aprendiendo t\u00e9cnicas para manejar bien mis finanzas, hacer mis tr\u00e1mites, mejorar mi carrera econ\u00f3mica, encontrar un camino hacia mis objetivos y prioridades que gracias a la terapia puedo tenerlas en claro.[\/et_pb_slide][et_pb_slide heading=\u00bbCumpl\u00ed el objetivo \u00bb _builder_version=\u00bb4.9.0&#8243; _module_preset=\u00bbdefault\u00bb header_font_size=\u00bb28px\u00bb background_color=\u00bbrgba(0,0,0,0.49)\u00bb background_enable_color=\u00bbon\u00bb custom_padding=\u00bb50px||50px||false|false\u00bb sticky_transition=\u00bbon\u00bb]que ten\u00eda al iniciar la terapia, y en el proceso aprend\u00ed mucho.[\/et_pb_slide][et_pb_slide heading=\u00bbEl Programa Inicial de Terapia me ha ayudado a:\u00bb _builder_version=\u00bb4.9.0&#8243; _module_preset=\u00bbdefault\u00bb header_font_size=\u00bb28px\u00bb background_color=\u00bbrgba(0,0,0,0.49)\u00bb background_enable_color=\u00bbon\u00bb custom_padding=\u00bb50px||50px||false|false\u00bb sticky_transition=\u00bbon\u00bb]Pensar y analizar detenidamente cada emoci\u00f3n, conectarme con el momento y el espacio.[\/et_pb_slide][et_pb_slide heading=\u00bbEl Programa Inicial de Terapia me ha ayudado a:\u00bb _builder_version=\u00bb4.9.0&#8243; _module_preset=\u00bbdefault\u00bb header_font_size=\u00bb28px\u00bb background_color=\u00bbrgba(0,0,0,0.49)\u00bb background_enable_color=\u00bbon\u00bb custom_padding=\u00bb50px||50px||false|false\u00bb sticky_transition=\u00bbon\u00bb]aprender a razonar y saber manejar situaciones que se presentan d\u00eda a d\u00eda en mi vida.[\/et_pb_slide][et_pb_slide heading=\u00bbEl Programa Inicial de Terapia me ha ayudado a:\u00bb _builder_version=\u00bb4.9.0&#8243; _module_preset=\u00bbdefault\u00bb header_font_size=\u00bb28px\u00bb background_color=\u00bbrgba(0,0,0,0.49)\u00bb background_enable_color=\u00bbon\u00bb custom_padding=\u00bb50px||50px||false|false\u00bb sticky_transition=\u00bbon\u00bb]darle lugar a emociones antes ignoradas&nbsp;[\/et_pb_slide][\/et_pb_slider][\/et_pb_column][\/et_pb_row][\/et_pb_section]<\/p>\n","protected":false},"excerpt":{"rendered":"<p>[et_pb_section fb_built=\u00bb1&#8243; _builder_version=\u00bb4.9.0&#8243; _module_preset=\u00bbdefault\u00bb background_image=\u00bbhttps:\/\/ipsicco.com.ar\/wp-content\/uploads\/2022\/11\/header_preocupacion.jpg\u00bb min_height=\u00bb532px\u00bb custom_padding=\u00bb||90px|||\u00bb background_last_edited=\u00bbon|phone\u00bb background_position_phone=\u00bbcenter\u00bb][et_pb_row column_structure=\u00bb1_4,1_4,1_4,1_4&#8243; _builder_version=\u00bb4.9.0&#8243; _module_preset=\u00bbdefault\u00bb width=\u00bb60.4%\u00bb custom_margin=\u00bb-31px|auto|-37px|auto||\u00bb custom_padding=\u00bb11px|||||\u00bb][et_pb_column type=\u00bb1_4&#8243; _builder_version=\u00bb4.9.0&#8243; _module_preset=\u00bbdefault\u00bb][et_pb_text _builder_version=\u00bb4.9.0&#8243; _module_preset=\u00bbdefault\u00bb background_enable_image=\u00bboff\u00bb width=\u00bb385.5%\u00bb min_height=\u00bb192px\u00bb custom_margin=\u00bb19px|-212px|24px|-104px||\u00bb custom_padding=\u00bb0px|2px|53px|1px||\u00bb] Si sientes que te encuentras enredada en la ansiedad, siempre con pensamientos negativos y preocupaciones que no te permiten avanzar. Esos pensamientos y el malestar est\u00e1 comenzando a te\u00f1ir tu [&hellip;]<\/p>\n","protected":false},"author":1,"featured_media":351,"parent":0,"menu_order":0,"comment_status":"closed","ping_status":"closed","template":"","meta":{"_et_pb_use_builder":"on","_et_pb_old_content":"","_et_gb_content_width":"","om_disable_all_campaigns":false,"inline_featured_image":false,"jetpack_post_was_ever_published":false,"_joinchat":[],"footnotes":""},"class_list":["post-264","page","type-page","status-publish","has-post-thumbnail","hentry"],"jetpack_sharing_enabled":true,"jetpack_shortlink":"https:\/\/wp.me\/Pc5djS-4g","_links":{"self":[{"href":"https:\/\/ipsicco.com.ar\/index.php\/wp-json\/wp\/v2\/pages\/264","targetHints":{"allow":["GET"]}}],"collection":[{"href":"https:\/\/ipsicco.com.ar\/index.php\/wp-json\/wp\/v2\/pages"}],"about":[{"href":"https:\/\/ipsicco.com.ar\/index.php\/wp-json\/wp\/v2\/types\/page"}],"author":[{"embeddable":true,"href":"https:\/\/ipsicco.com.ar\/index.php\/wp-json\/wp\/v2\/users\/1"}],"replies":[{"embeddable":true,"href":"https:\/\/ipsicco.com.ar\/index.php\/wp-json\/wp\/v2\/comments?post=264"}],"version-history":[{"count":22,"href":"https:\/\/ipsicco.com.ar\/index.php\/wp-json\/wp\/v2\/pages\/264\/revisions"}],"predecessor-version":[{"id":886,"href":"https:\/\/ipsicco.com.ar\/index.php\/wp-json\/wp\/v2\/pages\/264\/revisions\/886"}],"wp:featuredmedia":[{"embeddable":true,"href":"https:\/\/ipsicco.com.ar\/index.php\/wp-json\/wp\/v2\/media\/351"}],"wp:attachment":[{"href":"https:\/\/ipsicco.com.ar\/index.php\/wp-json\/wp\/v2\/media?parent=264"}],"curies":[{"name":"wp","href":"https:\/\/api.w.org\/{rel}","templated":true}]}}