{"id":1047,"date":"2025-12-06T08:50:10","date_gmt":"2025-12-06T11:50:10","guid":{"rendered":"https:\/\/ipsicco.com.ar\/?post_type=product&#038;p=1047"},"modified":"2026-01-13T14:46:10","modified_gmt":"2026-01-13T17:46:10","slug":"aprendiendoact","status":"publish","type":"product","link":"https:\/\/ipsicco.com.ar\/index.php\/producto\/aprendiendoact\/","title":{"rendered":"Aprendiendo ACT ed. verano"},"content":{"rendered":"","protected":false},"excerpt":{"rendered":"<p>Curso online de Terapia de Aceptaci\u00f3n y Compromiso (ACT) para psic\u00f3logos y estudiantes avanzados. Formaci\u00f3n introductoria, pr\u00e1ctica y vivencial, basada en los procesos de la Flexibilidad Psicol\u00f3gica. Incluye materiales en espa\u00f1ol, ejercicios cl\u00ednicos, pr\u00e1ctica en vivo y supervisi\u00f3n opcional. Ideal para quienes desean aprender ACT desde cero y comenzar su inmersi\u00f3n en el modelo de manera segura y coherente. <\/p>\n<p>Entrenadora: Maria Jose Lami Hern\u00e1ndez<\/p>\n","protected":false},"featured_media":1049,"comment_status":"open","ping_status":"closed","template":"","meta":{"_et_pb_use_builder":"","_et_pb_old_content":"","_et_gb_content_width":"","om_disable_all_campaigns":false,"inline_featured_image":false,"_joinchat":[],"jetpack_publicize_message":"","jetpack_publicize_feature_enabled":true,"jetpack_social_post_already_shared":true,"jetpack_social_options":{"image_generator_settings":{"template":"highway","default_image_id":0,"font":"","enabled":false},"version":2}},"product_brand":[],"product_cat":[17],"product_tag":[23],"class_list":{"0":"post-1047","1":"product","2":"type-product","3":"status-publish","4":"has-post-thumbnail","6":"product_cat-sin-categorizar","7":"product_tag-aprendiendo-act","9":"first","10":"instock","11":"shipping-taxable","12":"purchasable","13":"product-type-simple"},"jetpack_publicize_connections":[],"jetpack_sharing_enabled":true,"_links":{"self":[{"href":"https:\/\/ipsicco.com.ar\/index.php\/wp-json\/wp\/v2\/product\/1047","targetHints":{"allow":["GET"]}}],"collection":[{"href":"https:\/\/ipsicco.com.ar\/index.php\/wp-json\/wp\/v2\/product"}],"about":[{"href":"https:\/\/ipsicco.com.ar\/index.php\/wp-json\/wp\/v2\/types\/product"}],"replies":[{"embeddable":true,"href":"https:\/\/ipsicco.com.ar\/index.php\/wp-json\/wp\/v2\/comments?post=1047"}],"wp:featuredmedia":[{"embeddable":true,"href":"https:\/\/ipsicco.com.ar\/index.php\/wp-json\/wp\/v2\/media\/1049"}],"wp:attachment":[{"href":"https:\/\/ipsicco.com.ar\/index.php\/wp-json\/wp\/v2\/media?parent=1047"}],"wp:term":[{"taxonomy":"product_brand","embeddable":true,"href":"https:\/\/ipsicco.com.ar\/index.php\/wp-json\/wp\/v2\/product_brand?post=1047"},{"taxonomy":"product_cat","embeddable":true,"href":"https:\/\/ipsicco.com.ar\/index.php\/wp-json\/wp\/v2\/product_cat?post=1047"},{"taxonomy":"product_tag","embeddable":true,"href":"https:\/\/ipsicco.com.ar\/index.php\/wp-json\/wp\/v2\/product_tag?post=1047"}],"curies":[{"name":"wp","href":"https:\/\/api.w.org\/{rel}","templated":true}]}}