{"id":317,"date":"2022-11-29T18:24:38","date_gmt":"2022-11-29T21:24:38","guid":{"rendered":"https:\/\/ipsicco.com.ar\/?post_type=product&#038;p=317"},"modified":"2022-11-29T18:35:13","modified_gmt":"2022-11-29T21:35:13","slug":"primeros-pasos","status":"publish","type":"product","link":"https:\/\/ipsicco.com.ar\/index.php\/producto\/primeros-pasos\/","title":{"rendered":"Primeros Pasos"},"content":{"rendered":"<p>[et_pb_section fb_built=\u00bb1&#8243; _builder_version=\u00bb3.22&#8243; custom_padding=\u00bb0px||||false|false\u00bb][et_pb_row _builder_version=\u00bb3.25&#8243; background_size=\u00bbinitial\u00bb background_position=\u00bbtop_left\u00bb background_repeat=\u00bbrepeat\u00bb width=\u00bb100%\u00bb custom_padding=\u00bb0px||0px||false|false\u00bb][et_pb_column type=\u00bb4_4&#8243; _builder_version=\u00bb3.25&#8243; custom_padding=\u00bb|||\u00bb custom_padding__hover=\u00bb|||\u00bb][et_pb_wc_cart_notice _builder_version=\u00bb4.9.0&#8243; background_color=\u00bb#6da6b2&#8243; custom_button=\u00bbon\u00bb button_text_size=\u00bb14px\u00bb button_text_color=\u00bb#6da6b2&#8243; button_border_radius=\u00bb0px\u00bb][\/et_pb_wc_cart_notice][\/et_pb_column][\/et_pb_row][et_pb_row column_structure=\u00bb1_2,1_2&#8243; _builder_version=\u00bb3.25&#8243; background_size=\u00bbinitial\u00bb background_position=\u00bbtop_left\u00bb background_repeat=\u00bbrepeat\u00bb width=\u00bb100%\u00bb custom_padding=\u00bb0px||||false|false\u00bb][et_pb_column type=\u00bb1_2&#8243; _builder_version=\u00bb3.25&#8243; custom_padding=\u00bb|||\u00bb custom_padding__hover=\u00bb|||\u00bb][et_pb_wc_images _builder_version=\u00bb4.9.0&#8243;][\/et_pb_wc_images][\/et_pb_column][et_pb_column type=\u00bb1_2&#8243; _builder_version=\u00bb3.25&#8243; custom_padding=\u00bb|||\u00bb custom_padding__hover=\u00bb|||\u00bb][et_pb_wc_title _builder_version=\u00bb3.0.47&#8243;][\/et_pb_wc_title][et_pb_wc_price _builder_version=\u00bb4.9.0&#8243; sale_price_text_color=\u00bb#6da6b2&#8243;][\/et_pb_wc_price][et_pb_wc_description _builder_version=\u00bb3.0.47&#8243;][\/et_pb_wc_description][et_pb_wc_add_to_cart _builder_version=\u00bb4.9.0&#8243; custom_button=\u00bbon\u00bb button_text_size=\u00bb20px\u00bb button_text_color=\u00bb#FFFFFF\u00bb button_bg_color=\u00bb#6da6b2&#8243; button_border_width=\u00bb0px\u00bb button_border_radius=\u00bb0px\u00bb][\/et_pb_wc_add_to_cart][et_pb_text _builder_version=\u00bb4.9.0&#8243; _module_preset=\u00bbdefault\u00bb hover_enabled=\u00bb0&#8243; sticky_enabled=\u00bb0&#8243; custom_margin=\u00bb21px|||||\u00bb]<\/p>\n<h4><strong>Este taller te va a permitir:<\/strong><\/h4>\n<p><strong><\/strong><\/p>\n<p><span><img loading=\"lazy\" decoding=\"async\" src=\"https:\/\/ipsicco.com.ar\/wp-content\/uploads\/2022\/07\/tick_black.svg\" width=\"15\" height=\"13\" alt=\"\" class=\"wp-image-90 alignnone size-medium\" \/>\u00a0<\/span>Indagar en esos sentimientos encontrados y entenderlos.<br \/><span><img loading=\"lazy\" decoding=\"async\" src=\"https:\/\/ipsicco.com.ar\/wp-content\/uploads\/2022\/07\/tick_black.svg\" width=\"15\" height=\"13\" alt=\"\" class=\"wp-image-90 alignnone size-medium\" \/>\u00a0<\/span>Comenzar a conocerte desde otro punto de vista. <br \/><span><img loading=\"lazy\" decoding=\"async\" src=\"https:\/\/ipsicco.com.ar\/wp-content\/uploads\/2022\/07\/tick_black.svg\" width=\"15\" height=\"13\" alt=\"\" class=\"wp-image-90 alignnone size-medium\" \/>\u00a0<\/span>Poseer claridad sobre aspectos de tu mundo interno<br \/><span><img loading=\"lazy\" decoding=\"async\" src=\"https:\/\/ipsicco.com.ar\/wp-content\/uploads\/2022\/07\/tick_black.svg\" width=\"15\" height=\"13\" alt=\"\" class=\"wp-image-90 alignnone size-medium\" \/>\u00a0<\/span>Poder ver a tu alrededor con nuevos ojos.<br \/><span><img loading=\"lazy\" decoding=\"async\" src=\"https:\/\/ipsicco.com.ar\/wp-content\/uploads\/2022\/07\/tick_black.svg\" width=\"15\" height=\"13\" alt=\"\" class=\"wp-image-90 alignnone size-medium\" \/>\u00a0<\/span>Descubrir a tu tiempo y a tu ritmo modos de pensar y de sentir que forman parte de vos y orientarlos de manera m\u00e1s \u00fatil para que est\u00e9n de tu lado en la consecuci\u00f3n de tus objetivos. <br \/> <span> <strong><\/strong><\/span><\/p>\n<p>[\/et_pb_text][\/et_pb_column][\/et_pb_row][et_pb_row _builder_version=\u00bb3.25&#8243; background_size=\u00bbinitial\u00bb background_position=\u00bbtop_left\u00bb background_repeat=\u00bbrepeat\u00bb width=\u00bb100%\u00bb][et_pb_column type=\u00bb4_4&#8243; _builder_version=\u00bb3.25&#8243; custom_padding=\u00bb|||\u00bb custom_padding__hover=\u00bb|||\u00bb][et_pb_text _builder_version=\u00bb4.9.0&#8243; _module_preset=\u00bbdefault\u00bb hover_enabled=\u00bb0&#8243; sticky_enabled=\u00bb0&#8243;]<\/p>\n<h4><strong>Modalidad<\/strong>\u00a0<\/h4>\n<p><span style=\"font-weight: 400;\">El taller es una gu\u00eda 100% online en la que recibir\u00e1s los contenidos en tu correo electr\u00f3nico durante 4 semanas. Estas palabras, invitaciones y ejercicios est\u00e1n especialmente pensados para que puedas dar los primeros pasos en este proceso de cambio, no importa que tan grande o peque\u00f1o sean estos pasos, lo importante es avanzar y darte la posibilidad de comenzar la transformaci\u00f3n.<\/span><\/p>\n<p><span style=\"font-weight: 400;\">Cada semana tendr\u00e1s una invitaci\u00f3n para el recorrido que podr\u00e1s ir haci\u00e9ndolo a tu ritmo. <\/span><\/p>\n<p>&nbsp;<\/p>\n<p>[\/et_pb_text][et_pb_wc_upsells _builder_version=\u00bb3.0.47&#8243;][\/et_pb_wc_upsells][et_pb_wc_related_products _builder_version=\u00bb3.0.47&#8243;][\/et_pb_wc_related_products][\/et_pb_column][\/et_pb_row][\/et_pb_section]<\/p>\n","protected":false},"excerpt":{"rendered":"<p>[et_pb_section fb_built=\u00bb1&#8243; _builder_version=\u00bb3.22&#8243; custom_padding=\u00bb0px||||false|false\u00bb][et_pb_row _builder_version=\u00bb3.25&#8243; background_size=\u00bbinitial\u00bb background_position=\u00bbtop_left\u00bb background_repeat=\u00bbrepeat\u00bb width=\u00bb100%\u00bb custom_padding=\u00bb0px||0px||false|false\u00bb][et_pb_column type=\u00bb4_4&#8243; _builder_version=\u00bb3.25&#8243; custom_padding=\u00bb|||\u00bb custom_padding__hover=\u00bb|||\u00bb][et_pb_wc_cart_notice _builder_version=\u00bb4.9.0&#8243; background_color=\u00bb#6da6b2&#8243; custom_button=\u00bbon\u00bb button_text_size=\u00bb14px\u00bb button_text_color=\u00bb#6da6b2&#8243; button_border_radius=\u00bb0px\u00bb][\/et_pb_wc_cart_notice][\/et_pb_column][\/et_pb_row][et_pb_row column_structure=\u00bb1_2,1_2&#8243; _builder_version=\u00bb3.25&#8243; background_size=\u00bbinitial\u00bb background_position=\u00bbtop_left\u00bb background_repeat=\u00bbrepeat\u00bb width=\u00bb100%\u00bb custom_padding=\u00bb0px||||false|false\u00bb][et_pb_column type=\u00bb1_2&#8243; _builder_version=\u00bb3.25&#8243; custom_padding=\u00bb|||\u00bb custom_padding__hover=\u00bb|||\u00bb][et_pb_wc_images _builder_version=\u00bb4.9.0&#8243;][\/et_pb_wc_images][\/et_pb_column][et_pb_column type=\u00bb1_2&#8243; _builder_version=\u00bb3.25&#8243; custom_padding=\u00bb|||\u00bb custom_padding__hover=\u00bb|||\u00bb][et_pb_wc_title _builder_version=\u00bb3.0.47&#8243;][\/et_pb_wc_title][et_pb_wc_price _builder_version=\u00bb4.9.0&#8243; sale_price_text_color=\u00bb#6da6b2&#8243;][\/et_pb_wc_price][et_pb_wc_description _builder_version=\u00bb3.0.47&#8243;][\/et_pb_wc_description][et_pb_wc_add_to_cart _builder_version=\u00bb4.9.0&#8243; custom_button=\u00bbon\u00bb button_text_size=\u00bb20px\u00bb button_text_color=\u00bb#FFFFFF\u00bb button_bg_color=\u00bb#6da6b2&#8243; button_border_width=\u00bb0px\u00bb button_border_radius=\u00bb0px\u00bb][\/et_pb_wc_add_to_cart][et_pb_text _builder_version=\u00bb4.9.0&#8243; _module_preset=\u00bbdefault\u00bb hover_enabled=\u00bb0&#8243; sticky_enabled=\u00bb0&#8243; custom_margin=\u00bb21px|||||\u00bb] Este taller te [&hellip;]<\/p>\n","protected":false},"featured_media":318,"comment_status":"open","ping_status":"closed","template":"","meta":{"_et_pb_use_builder":"on","_et_pb_old_content":"","_et_gb_content_width":"","om_disable_all_campaigns":false,"inline_featured_image":false,"_joinchat":[],"jetpack_publicize_message":"","jetpack_publicize_feature_enabled":true,"jetpack_social_post_already_shared":true,"jetpack_social_options":{"image_generator_settings":{"template":"highway","default_image_id":0,"font":"","enabled":false},"version":2}},"product_brand":[],"product_cat":[17],"product_tag":[],"class_list":{"0":"post-317","1":"product","2":"type-product","3":"status-publish","4":"has-post-thumbnail","6":"product_cat-sin-categorizar","8":"first","9":"instock","10":"virtual","11":"purchasable","12":"product-type-simple"},"jetpack_publicize_connections":[],"jetpack_sharing_enabled":false,"_links":{"self":[{"href":"https:\/\/ipsicco.com.ar\/index.php\/wp-json\/wp\/v2\/product\/317","targetHints":{"allow":["GET"]}}],"collection":[{"href":"https:\/\/ipsicco.com.ar\/index.php\/wp-json\/wp\/v2\/product"}],"about":[{"href":"https:\/\/ipsicco.com.ar\/index.php\/wp-json\/wp\/v2\/types\/product"}],"replies":[{"embeddable":true,"href":"https:\/\/ipsicco.com.ar\/index.php\/wp-json\/wp\/v2\/comments?post=317"}],"wp:featuredmedia":[{"embeddable":true,"href":"https:\/\/ipsicco.com.ar\/index.php\/wp-json\/wp\/v2\/media\/318"}],"wp:attachment":[{"href":"https:\/\/ipsicco.com.ar\/index.php\/wp-json\/wp\/v2\/media?parent=317"}],"wp:term":[{"taxonomy":"product_brand","embeddable":true,"href":"https:\/\/ipsicco.com.ar\/index.php\/wp-json\/wp\/v2\/product_brand?post=317"},{"taxonomy":"product_cat","embeddable":true,"href":"https:\/\/ipsicco.com.ar\/index.php\/wp-json\/wp\/v2\/product_cat?post=317"},{"taxonomy":"product_tag","embeddable":true,"href":"https:\/\/ipsicco.com.ar\/index.php\/wp-json\/wp\/v2\/product_tag?post=317"}],"curies":[{"name":"wp","href":"https:\/\/api.w.org\/{rel}","templated":true}]}}